{"id":8004,"date":"2022-10-03T18:20:33","date_gmt":"2022-10-03T16:20:33","guid":{"rendered":"https:\/\/host3.hellowebtunisie.com\/~cmmsindu\/?page_id=8004"},"modified":"2023-03-23T14:34:33","modified_gmt":"2023-03-23T13:34:33","slug":"lubrifiant","status":"publish","type":"page","link":"https:\/\/www.cmsindustrie.com\/ar\/lubrifiant\/","title":{"rendered":"\u0632\u064a\u0648\u062a \u0627\u0644\u0633\u064a\u0627\u0631\u0627\u062a \u0648 \u0627\u0644\u062a\u0634\u062d\u064a\u0645"},"content":{"rendered":"<div data-elementor-type=\"wp-page\" data-elementor-id=\"8004\" class=\"elementor elementor-8004\">\n\t\t\t\t\t\t\t        <section class=\"elementor-section elementor-top-section elementor-element elementor-element-5ab6a13 elementor-section-boxed elementor-section-height-default elementor-section-height-default\" data-id=\"5ab6a13\" data-element_type=\"section\">\n            \n                        <div class=\"elementor-container elementor-column-gap-default\">\n                    <div class=\"elementor-column elementor-col-100 elementor-top-column elementor-element elementor-element-12778bf\" data-id=\"12778bf\" data-element_type=\"column\">\n            <div class=\"elementor-widget-wrap\">\n                                    <\/div>\n        <\/div>\n                            <\/div>\n        <\/section>\n                <section class=\"elementor-section elementor-top-section elementor-element elementor-element-02ebb47 elementor-section-stretched elementor-section-boxed elementor-section-height-default elementor-section-height-default\" data-id=\"02ebb47\" data-element_type=\"section\" data-settings=\"{&quot;stretch_section&quot;:&quot;section-stretched&quot;,&quot;background_background&quot;:&quot;classic&quot;}\">\n            \n                        <div class=\"elementor-container elementor-column-gap-extended\">\n                    <div class=\"elementor-column elementor-col-50 elementor-top-column elementor-element elementor-element-69193a8\" data-id=\"69193a8\" data-element_type=\"column\">\n            <div class=\"elementor-widget-wrap elementor-element-populated\">\n                        \t\t<div class=\"elementor-element elementor-element-6a84e00 elementor-hidden-tablet elementor-hidden-mobile elementor-widget elementor-widget-spacer\" data-id=\"6a84e00\" data-element_type=\"widget\" data-widget_type=\"spacer.default\">\n\t\t\t\t<div class=\"elementor-widget-container\">\n\t\t\t<style>\/*! elementor - v3.14.0 - 26-06-2023 *\/\n.elementor-column .elementor-spacer-inner{height:var(--spacer-size)}.e-con{--container-widget-width:100%}.e-con-inner>.elementor-widget-spacer,.e-con>.elementor-widget-spacer{width:var(--container-widget-width,var(--spacer-size));--align-self:var(--container-widget-align-self,initial);--flex-shrink:0}.e-con-inner>.elementor-widget-spacer>.elementor-widget-container,.e-con-inner>.elementor-widget-spacer>.elementor-widget-container>.elementor-spacer,.e-con>.elementor-widget-spacer>.elementor-widget-container,.e-con>.elementor-widget-spacer>.elementor-widget-container>.elementor-spacer{height:100%}.e-con-inner>.elementor-widget-spacer>.elementor-widget-container>.elementor-spacer>.elementor-spacer-inner,.e-con>.elementor-widget-spacer>.elementor-widget-container>.elementor-spacer>.elementor-spacer-inner{height:var(--container-widget-height,var(--spacer-size))}<\/style>\t\t<div class=\"elementor-spacer\">\n\t\t\t<div class=\"elementor-spacer-inner\"><\/div>\n\t\t<\/div>\n\t\t\t\t<\/div>\n\t\t\t\t<\/div>\n\t\t\t\t<div class=\"elementor-element elementor-element-a93cd75 elementor-widget elementor-widget-heading\" data-id=\"a93cd75\" data-element_type=\"widget\" data-widget_type=\"heading.default\">\n\t\t\t\t<div class=\"elementor-widget-container\">\n\t\t\t<style>\/*! elementor - v3.14.0 - 26-06-2023 *\/\n.elementor-heading-title{padding:0;margin:0;line-height:1}.elementor-widget-heading .elementor-heading-title[class*=elementor-size-]>a{color:inherit;font-size:inherit;line-height:inherit}.elementor-widget-heading .elementor-heading-title.elementor-size-small{font-size:15px}.elementor-widget-heading .elementor-heading-title.elementor-size-medium{font-size:19px}.elementor-widget-heading .elementor-heading-title.elementor-size-large{font-size:29px}.elementor-widget-heading .elementor-heading-title.elementor-size-xl{font-size:39px}.elementor-widget-heading .elementor-heading-title.elementor-size-xxl{font-size:59px}<\/style><h3 class=\"elementor-heading-title elementor-size-default\">\u0632\u064a\u0648\u062a \u0627\u0644\u0633\u064a\u0627\u0631\u0627\u062a \u0648 \u0627\u0644\u062a\u0634\u062d\u064a\u0645<\/h3>\t\t<\/div>\n\t\t\t\t<\/div>\n\t\t            <\/div>\n        <\/div>\n                <div class=\"elementor-column elementor-col-50 elementor-top-column elementor-element elementor-element-5163f32 elementor-hidden-tablet elementor-hidden-mobile\" data-id=\"5163f32\" data-element_type=\"column\">\n            <div class=\"elementor-widget-wrap elementor-element-populated\">\n                        \t\t<div class=\"elementor-element elementor-element-482ddd6 elementor-widget elementor-widget-spacer\" data-id=\"482ddd6\" data-element_type=\"widget\" data-widget_type=\"spacer.default\">\n\t\t\t\t<div class=\"elementor-widget-container\">\n\t\t\t\t\t<div class=\"elementor-spacer\">\n\t\t\t<div class=\"elementor-spacer-inner\"><\/div>\n\t\t<\/div>\n\t\t\t\t<\/div>\n\t\t\t\t<\/div>\n\t\t            <\/div>\n        <\/div>\n                            <\/div>\n        <\/section>\n                <section class=\"elementor-section elementor-top-section elementor-element elementor-element-57f0026 elementor-section-boxed elementor-section-height-default elementor-section-height-default\" data-id=\"57f0026\" data-element_type=\"section\">\n            \n                        <div class=\"elementor-container elementor-column-gap-default\">\n                    <div class=\"elementor-column elementor-col-100 elementor-top-column elementor-element elementor-element-09cce28\" data-id=\"09cce28\" data-element_type=\"column\">\n            <div class=\"elementor-widget-wrap elementor-element-populated\">\n                        \t\t<div class=\"elementor-element elementor-element-1009cc9 elementor-widget elementor-widget-spacer\" data-id=\"1009cc9\" data-element_type=\"widget\" data-widget_type=\"spacer.default\">\n\t\t\t\t<div class=\"elementor-widget-container\">\n\t\t\t\t\t<div class=\"elementor-spacer\">\n\t\t\t<div class=\"elementor-spacer-inner\"><\/div>\n\t\t<\/div>\n\t\t\t\t<\/div>\n\t\t\t\t<\/div>\n\t\t            <\/div>\n        <\/div>\n                            <\/div>\n        <\/section>\n                <section class=\"elementor-section elementor-top-section elementor-element elementor-element-c24fe9e elementor-section-boxed elementor-section-height-default elementor-section-height-default\" data-id=\"c24fe9e\" data-element_type=\"section\">\n            \n                        <div class=\"elementor-container elementor-column-gap-default\">\n                    <div class=\"elementor-column elementor-col-50 elementor-top-column elementor-element elementor-element-ae1ca1e\" data-id=\"ae1ca1e\" data-element_type=\"column\">\n            <div class=\"elementor-widget-wrap elementor-element-populated\">\n                        \t\t<div class=\"elementor-element elementor-element-94210a7 elementor-widget elementor-widget-ct_fancy_box\" data-id=\"94210a7\" data-element_type=\"widget\" data-widget_type=\"ct_fancy_box.default\">\n\t\t\t\t<div class=\"elementor-widget-container\">\n\t\t\t<div class=\"ct-fancy-box ct-fancy-box-layout1 style1\" data-wow-delay=\"ms\">\r\n    <div class=\"item--meta\">\r\n                    <div class=\"item--icon\">\r\n                <i aria-hidden=\"true\" class=\"material zmdi zmdi-badge-check\"><\/i>            <\/div>\r\n                        <h3 class=\"item--title\">\r\n            \u0632\u064a\u0648\u062a \u0627\u0644\u0633\u064a\u0627\u0631\u0627\u062a \u0648 \u0627\u0644\u062a\u0634\u062d\u064a\u0645        <\/h3>\r\n    <\/div>\r\n    <div class=\"item--description\"><\/div>\r\n<\/div>\t\t<\/div>\n\t\t\t\t<\/div>\n\t\t\t\t<div class=\"elementor-element elementor-element-f51b8af elementor-widget elementor-widget-text-editor\" data-id=\"f51b8af\" data-element_type=\"widget\" data-widget_type=\"text-editor.default\">\n\t\t\t\t<div class=\"elementor-widget-container\">\n\t\t\t<style>\/*! elementor - v3.14.0 - 26-06-2023 *\/\n.elementor-widget-text-editor.elementor-drop-cap-view-stacked .elementor-drop-cap{background-color:#69727d;color:#fff}.elementor-widget-text-editor.elementor-drop-cap-view-framed .elementor-drop-cap{color:#69727d;border:3px solid;background-color:transparent}.elementor-widget-text-editor:not(.elementor-drop-cap-view-default) .elementor-drop-cap{margin-top:8px}.elementor-widget-text-editor:not(.elementor-drop-cap-view-default) .elementor-drop-cap-letter{width:1em;height:1em}.elementor-widget-text-editor .elementor-drop-cap{float:left;text-align:center;line-height:1;font-size:50px}.elementor-widget-text-editor .elementor-drop-cap-letter{display:inline-block}<\/style>\t\t\t\t<p>\u062a\u062a\u064a\u062d \u0644\u0646\u0627 \u062e\u0628\u0631\u062a\u0646\u0627 \u0641\u064a \u0645\u062c\u0627\u0644 \u062a\u0639\u0628\u0626\u0629 \u0627\u0644\u0645\u0646\u062a\u062c\u0627\u062a \u0627\u0644\u0628\u062a\u0631\u0648\u0644\u064a\u0629 \u0648\u0633\u0648\u0627\u0626\u0644 \u0627\u0644\u0633\u064a\u0627\u0631\u0627\u062a \u0623\u0646 \u0646\u0642\u062f\u0645 \u0644\u0643 \u062d\u0644\u0648\u0644 \u062a\u0639\u0628\u0626\u0629 \u062a\u062a\u0643\u064a\u0641 \u0645\u0639 \u0627\u0644\u0633\u0639\u0627\u062a \u0648\u0627\u0644\u062a\u0639\u0628\u0626\u0629 \u0627\u0644\u0645\u062e\u062a\u0644\u0641\u0629 \u0645\u0639 \u0645\u0631\u0627\u0639\u0627\u0629 \u062f\u0631\u062c\u0629 \u062d\u0631\u0627\u0631\u0629 \u062a\u0639\u0628\u0626\u0629 \u0632\u064a\u0648\u062a \u0627\u0644\u062a\u0634\u062d\u064a\u0645 \u0648\u0645\u0631\u0627\u0639\u0627\u0629 \u0627\u0644\u062a\u0646\u0648\u0639 \u0648\u0627\u0644\u0644\u0632\u0648\u062c\u0629 \u0627\u0644\u0645\u062e\u062a\u0644\u0641\u0629 \u0644\u0640 \u0627\u0644\u0645\u0646\u062a\u062c \u0632\u064a\u0648\u062a \u0627\u0644\u062a\u0634\u062d\u064a\u0645.<\/p>\t\t\t\t\t\t<\/div>\n\t\t\t\t<\/div>\n\t\t            <\/div>\n        <\/div>\n                <div class=\"elementor-column elementor-col-50 elementor-top-column elementor-element elementor-element-e372bd9\" data-id=\"e372bd9\" data-element_type=\"column\">\n            <div class=\"elementor-widget-wrap elementor-element-populated\">\n                        \t\t<div class=\"elementor-element elementor-element-5929ec9 elementor-widget elementor-widget-image\" data-id=\"5929ec9\" data-element_type=\"widget\" data-widget_type=\"image.default\">\n\t\t\t\t<div class=\"elementor-widget-container\">\n\t\t\t<style>\/*! elementor - v3.14.0 - 26-06-2023 *\/\n.elementor-widget-image{text-align:center}.elementor-widget-image a{display:inline-block}.elementor-widget-image a img[src$=\".svg\"]{width:48px}.elementor-widget-image img{vertical-align:middle;display:inline-block}<\/style>\t\t\t\t\t\t\t\t\t\t\t\t<img decoding=\"async\" width=\"640\" height=\"640\" src=\"https:\/\/www.cmsindustrie.com\/wp-content\/uploads\/2023\/02\/4-1.png\" class=\"attachment-large size-large wp-image-8810\" alt=\"\" srcset=\"https:\/\/www.cmsindustrie.com\/wp-content\/uploads\/2023\/02\/4-1.png 768w, https:\/\/www.cmsindustrie.com\/wp-content\/uploads\/2023\/02\/4-1-300x300.png 300w, https:\/\/www.cmsindustrie.com\/wp-content\/uploads\/2023\/02\/4-1-150x150.png 150w, https:\/\/www.cmsindustrie.com\/wp-content\/uploads\/2023\/02\/4-1-12x12.png 12w, https:\/\/www.cmsindustrie.com\/wp-content\/uploads\/2023\/02\/4-1-600x600.png 600w\" sizes=\"(max-width: 640px) 100vw, 640px\" \/>\t\t\t\t\t\t\t\t\t\t\t\t\t\t\t<\/div>\n\t\t\t\t<\/div>\n\t\t            <\/div>\n        <\/div>\n                            <\/div>\n        <\/section>\n        \t\t\t\t\t<\/div>","protected":false},"excerpt":{"rendered":"<p>Lubrifiant Lubrifiant Notre exp\u00e9rience dans le domaine de conditionnement des produits p\u00e9troliers et liquide automobile nous permettons \u00e0 vous proposer des solutions de remplissage adapt\u00e9s aux diff\u00e9rents contenance et emballage toute en prendre en consid\u00e9ration la temp\u00e9rature du remplissage du lubrifiant et de prendre en consid\u00e9ration les diff\u00e9rents vari\u00e9t\u00e9 et viscosit\u00e9 du produit.<\/p>","protected":false},"author":1,"featured_media":0,"parent":0,"menu_order":0,"comment_status":"closed","ping_status":"closed","template":"","meta":{"footnotes":""},"class_list":["post-8004","page","type-page","status-publish","hentry"],"yoast_head":"<!-- This site is optimized with the Yoast SEO Premium plugin v24.3 (Yoast SEO v24.3) - https:\/\/yoast.com\/wordpress\/plugins\/seo\/ -->\n<title>Lubrifiant - cms industrie<\/title>\n<meta name=\"robots\" content=\"index, follow, max-snippet:-1, max-image-preview:large, max-video-preview:-1\" \/>\n<link rel=\"canonical\" href=\"https:\/\/www.cmsindustrie.com\/ar\/lubrifiant\/\" \/>\n<meta property=\"og:locale\" content=\"ar_AR\" \/>\n<meta property=\"og:type\" content=\"article\" \/>\n<meta property=\"og:title\" content=\"Lubrifiant\" \/>\n<meta property=\"og:description\" content=\"Lubrifiant Lubrifiant Notre exp\u00e9rience dans le domaine de conditionnement des produits p\u00e9troliers et liquide automobile nous permettons \u00e0 vous proposer des solutions de remplissage adapt\u00e9s aux diff\u00e9rents contenance et emballage toute en prendre en consid\u00e9ration la temp\u00e9rature du remplissage du lubrifiant et de prendre en consid\u00e9ration les diff\u00e9rents vari\u00e9t\u00e9 et viscosit\u00e9 du produit.\" \/>\n<meta property=\"og:url\" content=\"https:\/\/www.cmsindustrie.com\/ar\/lubrifiant\/\" \/>\n<meta property=\"og:site_name\" content=\"cms industrie\" \/>\n<meta property=\"article:publisher\" content=\"https:\/\/www.facebook.com\/CMSindustrie\/\" \/>\n<meta property=\"article:modified_time\" content=\"2023-03-23T13:34:33+00:00\" \/>\n<meta property=\"og:image\" content=\"https:\/\/host3.hellowebtunisie.com\/~cmmsindu\/wp-content\/uploads\/2023\/02\/4-1.png\" \/>\n<meta name=\"twitter:card\" content=\"summary_large_image\" \/>\n<meta name=\"twitter:site\" content=\"@cms_industrie\" \/>\n<script type=\"application\/ld+json\" class=\"yoast-schema-graph\">{\"@context\":\"https:\/\/schema.org\",\"@graph\":[{\"@type\":\"WebPage\",\"@id\":\"https:\/\/www.cmsindustrie.com\/en\/lubrifiant\/\",\"url\":\"https:\/\/www.cmsindustrie.com\/en\/lubrifiant\/\",\"name\":\"Lubrifiant - cms industrie\",\"isPartOf\":{\"@id\":\"https:\/\/www.cmsindustrie.com\/#website\"},\"primaryImageOfPage\":{\"@id\":\"https:\/\/www.cmsindustrie.com\/en\/lubrifiant\/#primaryimage\"},\"image\":{\"@id\":\"https:\/\/www.cmsindustrie.com\/en\/lubrifiant\/#primaryimage\"},\"thumbnailUrl\":\"https:\/\/host3.hellowebtunisie.com\/~cmmsindu\/wp-content\/uploads\/2023\/02\/4-1.png\",\"datePublished\":\"2022-10-03T16:20:33+00:00\",\"dateModified\":\"2023-03-23T13:34:33+00:00\",\"breadcrumb\":{\"@id\":\"https:\/\/www.cmsindustrie.com\/en\/lubrifiant\/#breadcrumb\"},\"inLanguage\":\"ar\",\"potentialAction\":[{\"@type\":\"ReadAction\",\"target\":[\"https:\/\/www.cmsindustrie.com\/en\/lubrifiant\/\"]}]},{\"@type\":\"ImageObject\",\"inLanguage\":\"ar\",\"@id\":\"https:\/\/www.cmsindustrie.com\/en\/lubrifiant\/#primaryimage\",\"url\":\"https:\/\/host3.hellowebtunisie.com\/~cmmsindu\/wp-content\/uploads\/2023\/02\/4-1.png\",\"contentUrl\":\"https:\/\/host3.hellowebtunisie.com\/~cmmsindu\/wp-content\/uploads\/2023\/02\/4-1.png\"},{\"@type\":\"BreadcrumbList\",\"@id\":\"https:\/\/www.cmsindustrie.com\/en\/lubrifiant\/#breadcrumb\",\"itemListElement\":[{\"@type\":\"ListItem\",\"position\":1,\"name\":\"Accueil\",\"item\":\"https:\/\/www.cmsindustrie.com\/\"},{\"@type\":\"ListItem\",\"position\":2,\"name\":\"Lubrifiant\"}]},{\"@type\":\"WebSite\",\"@id\":\"https:\/\/www.cmsindustrie.com\/#website\",\"url\":\"https:\/\/www.cmsindustrie.com\/\",\"name\":\"cms industrie\",\"description\":\"cms industrie\",\"publisher\":{\"@id\":\"https:\/\/www.cmsindustrie.com\/#organization\"},\"potentialAction\":[{\"@type\":\"SearchAction\",\"target\":{\"@type\":\"EntryPoint\",\"urlTemplate\":\"https:\/\/www.cmsindustrie.com\/?s={search_term_string}\"},\"query-input\":{\"@type\":\"PropertyValueSpecification\",\"valueRequired\":true,\"valueName\":\"search_term_string\"}}],\"inLanguage\":\"ar\"},{\"@type\":\"Organization\",\"@id\":\"https:\/\/www.cmsindustrie.com\/#organization\",\"name\":\"cms industrie\",\"url\":\"https:\/\/www.cmsindustrie.com\/\",\"logo\":{\"@type\":\"ImageObject\",\"inLanguage\":\"ar\",\"@id\":\"https:\/\/www.cmsindustrie.com\/#\/schema\/logo\/image\/\",\"url\":\"https:\/\/www.cmsindustrie.com\/wp-content\/uploads\/2022\/06\/logo-1.jpg\",\"contentUrl\":\"https:\/\/www.cmsindustrie.com\/wp-content\/uploads\/2022\/06\/logo-1.jpg\",\"width\":519,\"height\":162,\"caption\":\"cms industrie\"},\"image\":{\"@id\":\"https:\/\/www.cmsindustrie.com\/#\/schema\/logo\/image\/\"},\"sameAs\":[\"https:\/\/www.facebook.com\/CMSindustrie\/\",\"https:\/\/x.com\/cms_industrie\",\"https:\/\/tn.linkedin.com\/company\/cmsindustrie?original_referer=httpswww.google.com\"]}]}<\/script>\n<!-- \/ Yoast SEO Premium plugin. -->","yoast_head_json":{"title":"Lubrifiant - cms industrie","robots":{"index":"index","follow":"follow","max-snippet":"max-snippet:-1","max-image-preview":"max-image-preview:large","max-video-preview":"max-video-preview:-1"},"canonical":"https:\/\/www.cmsindustrie.com\/ar\/lubrifiant\/","og_locale":"ar_AR","og_type":"article","og_title":"Lubrifiant","og_description":"Lubrifiant Lubrifiant Notre exp\u00e9rience dans le domaine de conditionnement des produits p\u00e9troliers et liquide automobile nous permettons \u00e0 vous proposer des solutions de remplissage adapt\u00e9s aux diff\u00e9rents contenance et emballage toute en prendre en consid\u00e9ration la temp\u00e9rature du remplissage du lubrifiant et de prendre en consid\u00e9ration les diff\u00e9rents vari\u00e9t\u00e9 et viscosit\u00e9 du produit.","og_url":"https:\/\/www.cmsindustrie.com\/ar\/lubrifiant\/","og_site_name":"cms industrie","article_publisher":"https:\/\/www.facebook.com\/CMSindustrie\/","article_modified_time":"2023-03-23T13:34:33+00:00","og_image":[{"url":"https:\/\/host3.hellowebtunisie.com\/~cmmsindu\/wp-content\/uploads\/2023\/02\/4-1.png","type":"","width":"","height":""}],"twitter_card":"summary_large_image","twitter_site":"@cms_industrie","schema":{"@context":"https:\/\/schema.org","@graph":[{"@type":"WebPage","@id":"https:\/\/www.cmsindustrie.com\/en\/lubrifiant\/","url":"https:\/\/www.cmsindustrie.com\/en\/lubrifiant\/","name":"Lubrifiant - cms industrie","isPartOf":{"@id":"https:\/\/www.cmsindustrie.com\/#website"},"primaryImageOfPage":{"@id":"https:\/\/www.cmsindustrie.com\/en\/lubrifiant\/#primaryimage"},"image":{"@id":"https:\/\/www.cmsindustrie.com\/en\/lubrifiant\/#primaryimage"},"thumbnailUrl":"https:\/\/host3.hellowebtunisie.com\/~cmmsindu\/wp-content\/uploads\/2023\/02\/4-1.png","datePublished":"2022-10-03T16:20:33+00:00","dateModified":"2023-03-23T13:34:33+00:00","breadcrumb":{"@id":"https:\/\/www.cmsindustrie.com\/en\/lubrifiant\/#breadcrumb"},"inLanguage":"ar","potentialAction":[{"@type":"ReadAction","target":["https:\/\/www.cmsindustrie.com\/en\/lubrifiant\/"]}]},{"@type":"ImageObject","inLanguage":"ar","@id":"https:\/\/www.cmsindustrie.com\/en\/lubrifiant\/#primaryimage","url":"https:\/\/host3.hellowebtunisie.com\/~cmmsindu\/wp-content\/uploads\/2023\/02\/4-1.png","contentUrl":"https:\/\/host3.hellowebtunisie.com\/~cmmsindu\/wp-content\/uploads\/2023\/02\/4-1.png"},{"@type":"BreadcrumbList","@id":"https:\/\/www.cmsindustrie.com\/en\/lubrifiant\/#breadcrumb","itemListElement":[{"@type":"ListItem","position":1,"name":"Accueil","item":"https:\/\/www.cmsindustrie.com\/"},{"@type":"ListItem","position":2,"name":"Lubrifiant"}]},{"@type":"WebSite","@id":"https:\/\/www.cmsindustrie.com\/#website","url":"https:\/\/www.cmsindustrie.com\/","name":"cms industrie","description":"cms industrie","publisher":{"@id":"https:\/\/www.cmsindustrie.com\/#organization"},"potentialAction":[{"@type":"SearchAction","target":{"@type":"EntryPoint","urlTemplate":"https:\/\/www.cmsindustrie.com\/?s={search_term_string}"},"query-input":{"@type":"PropertyValueSpecification","valueRequired":true,"valueName":"search_term_string"}}],"inLanguage":"ar"},{"@type":"Organization","@id":"https:\/\/www.cmsindustrie.com\/#organization","name":"cms industrie","url":"https:\/\/www.cmsindustrie.com\/","logo":{"@type":"ImageObject","inLanguage":"ar","@id":"https:\/\/www.cmsindustrie.com\/#\/schema\/logo\/image\/","url":"https:\/\/www.cmsindustrie.com\/wp-content\/uploads\/2022\/06\/logo-1.jpg","contentUrl":"https:\/\/www.cmsindustrie.com\/wp-content\/uploads\/2022\/06\/logo-1.jpg","width":519,"height":162,"caption":"cms industrie"},"image":{"@id":"https:\/\/www.cmsindustrie.com\/#\/schema\/logo\/image\/"},"sameAs":["https:\/\/www.facebook.com\/CMSindustrie\/","https:\/\/x.com\/cms_industrie","https:\/\/tn.linkedin.com\/company\/cmsindustrie?original_referer=httpswww.google.com"]}]}},"_links":{"self":[{"href":"https:\/\/www.cmsindustrie.com\/ar\/wp-json\/wp\/v2\/pages\/8004","targetHints":{"allow":["GET"]}}],"collection":[{"href":"https:\/\/www.cmsindustrie.com\/ar\/wp-json\/wp\/v2\/pages"}],"about":[{"href":"https:\/\/www.cmsindustrie.com\/ar\/wp-json\/wp\/v2\/types\/page"}],"author":[{"embeddable":true,"href":"https:\/\/www.cmsindustrie.com\/ar\/wp-json\/wp\/v2\/users\/1"}],"replies":[{"embeddable":true,"href":"https:\/\/www.cmsindustrie.com\/ar\/wp-json\/wp\/v2\/comments?post=8004"}],"version-history":[{"count":0,"href":"https:\/\/www.cmsindustrie.com\/ar\/wp-json\/wp\/v2\/pages\/8004\/revisions"}],"wp:attachment":[{"href":"https:\/\/www.cmsindustrie.com\/ar\/wp-json\/wp\/v2\/media?parent=8004"}],"curies":[{"name":"wp","href":"https:\/\/api.w.org\/{rel}","templated":true}]}}